{"id":2560,"date":"2019-05-04T00:49:05","date_gmt":"2019-05-03T22:49:05","guid":{"rendered":"https:\/\/cabinetmagnitude.fr\/?page_id=2560"},"modified":"2019-05-08T22:46:44","modified_gmt":"2019-05-08T20:46:44","slug":"mentions-legales","status":"publish","type":"page","link":"https:\/\/cabinetmagnitude.fr\/index.php\/mentions-legales\/","title":{"rendered":"Mentions l\u00e9gales et conditions g\u00e9n\u00e9rales d\u2019utilisation"},"content":{"rendered":"\r\n\r\n\r\n<h2 class=\"wp-block-heading\">Pr\u00e9sentation du site<\/h2>\r\n<p>En vertu de l\u2019article 6 de la loi n\u00b0 2004-575 du 21 juin 2004 pour la confiance dans l\u2019\u00e9conomie num\u00e9rique, il est pr\u00e9cis\u00e9 aux utilisateurs du site <a href=\"https:\/\/cabinetmagnitude.fr\">https:\/\/cabinetmagnitude.fr<\/a> l\u2019identit\u00e9 des diff\u00e9rents intervenants dans le cadre de sa r\u00e9alisation et de son suivi :<\/p>\r\n<p><strong>Propri\u00e9taire<\/strong> : Cabinet Magnitude \u2013 Magali Kruiper Blanchais \u2013 24, rue du Bourbonnais \u2013 35000 RENNES \u2013 T\u00e9l : +33 673 34 32 37 \u2013 E-mail : <a href=\"mailto:magalikblanchais@gmail.com\">magalikblanchais@gmail.com<\/a><br \/><strong>Cr\u00e9ateur<\/strong> : Le Sens Digital, Thomas Baligand<br \/><strong>Responsable publication<\/strong> : Magali KRUIPER-BLANCHAIS \u2013 <a href=\"mailto:magalikblanchais@gmail.com\">magalikblanchais@gmail.com<\/a><br \/>Le responsable publication est une personne physique.<br \/><strong>Webmaster<\/strong>\u00a0: Thomas Baligand<br \/><strong>H\u00e9bergeur<\/strong>\u00a0: OVH<br \/>SAS au capital de 500 K<br \/>RCS Roubaix Tourcoing 424 761 419 00011<br \/>Code APE 6202A<br \/>N\u00b0 TVA : FR 22 424 761 419<br \/>Si\u00e8ge social : 2 rue Kellerman \u2013 59100 Roubaix \u2013 France.<br \/>Web :\u00a0<a href=\"https:\/\/ovh.com\/\">www.ovh.com<\/a><\/p>\r\n<p><strong>Photos\u00a0<\/strong>: <a href=\"https:\/\/www.facebook.com\/MikeLemonPhotographe\/\">Mike Lemon<\/a> + banques d\u2019images gratuites et payantes (IStock)<\/p>\r\n<p>&nbsp;<\/p>\r\n<h2>Conditions g\u00e9n\u00e9rales d\u2019utilisation du site et des services propos\u00e9s<\/h2>\r\n<p>L\u2019utilisation du site <a href=\"https:\/\/cabinetmagnitude.fr\">https:\/\/cabinetmagnitude.fr<\/a> implique l\u2019acceptation pleine et enti\u00e8re des conditions g\u00e9n\u00e9rales d\u2019utilisation ci-apr\u00e8s d\u00e9crites. Ces conditions d\u2019utilisation sont susceptibles d\u2019\u00eatre modifi\u00e9es ou compl\u00e9t\u00e9es \u00e0 tout moment, les utilisateurs du site <a href=\"https:\/\/cabinetmagnitude.fr\">https:\/\/cabinetmagnitude.fr<\/a> sont donc invit\u00e9s \u00e0 les consulter de mani\u00e8re r\u00e9guli\u00e8re.<\/p>\r\n<p>Ce site est normalement accessible \u00e0 tout moment aux utilisateurs. Une interruption pour raison de maintenance technique peut \u00eatre toutefois d\u00e9cid\u00e9e par Cabinet Magnitude, qui s\u2019efforcera alors de communiquer pr\u00e9alablement aux utilisateurs les dates et heures de l\u2019intervention.<\/p>\r\n<p>Le site <a href=\"https:\/\/cabinetmagnitude.fr\">https:\/\/cabinetmagnitude.fr<\/a> est mis \u00e0 jour r\u00e9guli\u00e8rement par Magali Kruiper-Blanchais. De la m\u00eame fa\u00e7on, les mentions l\u00e9gales peuvent \u00eatre modifi\u00e9es \u00e0 tout moment : elles s\u2019imposent n\u00e9anmoins \u00e0 l\u2019utilisateur qui est invit\u00e9 \u00e0 s\u2019y r\u00e9f\u00e9rer le plus souvent possible afin d\u2019en prendre connaissance.<\/p>\r\n<p>&nbsp;<\/p>\r\n<h2>Description des services fournis<\/h2>\r\n<p>Le site <a href=\"https:\/\/cabinetmagnitude.fr\">https:\/\/cabinetmagnitude.fr<\/a> a pour objet de fournir une information concernant l\u2019ensemble des activit\u00e9s de la soci\u00e9t\u00e9.<\/p>\r\n<p>Le Cabinet Magnitude s\u2019efforce de fournir sur le site https:\/\/cabinetmagnitude.fr des informations aussi pr\u00e9cises que possible. Toutefois, il ne pourra \u00eatre tenu responsable des omissions, des inexactitudes et des carences dans la mise \u00e0 jour, qu\u2019elles soient de son fait ou du fait des tiers partenaires qui lui fournissent ces informations.<\/p>\r\n<p>Toutes les informations indiqu\u00e9es sur le site https:\/\/cabinetmagnitude.fr sont donn\u00e9es \u00e0 titre indicatif, et sont susceptibles d\u2019\u00e9voluer. Par ailleurs, les renseignements figurant sur le site https:\/\/cabinetmagnitude.fr ne sont pas exhaustifs. Ils sont donn\u00e9s sous r\u00e9serve de modifications ayant \u00e9t\u00e9 apport\u00e9es depuis leur mise en ligne.<\/p>\r\n<p>&nbsp;<\/p>\r\n<h2>Limitations contractuelles sur les donn\u00e9es techniques<\/h2>\r\n<p>Le site utilise la technologie JavaScript.<\/p>\r\n<p>Le site Internet ne pourra \u00eatre tenu responsable de dommages mat\u00e9riels li\u00e9s \u00e0 l\u2019utilisation du site. De plus, l\u2019utilisateur du site s\u2019engage \u00e0 acc\u00e9der au site en utilisant un mat\u00e9riel r\u00e9cent, ne contenant pas de virus et avec un navigateur de derni\u00e8re g\u00e9n\u00e9ration mis-\u00e0-jour<\/p>\r\n<p>&nbsp;<\/p>\r\n<h2>Propri\u00e9t\u00e9 intellectuelle et contrefa\u00e7ons<\/h2>\r\n<p>Le Cabinet Magnitude est propri\u00e9taire des droits de propri\u00e9t\u00e9 intellectuelle ou d\u00e9tient les droits d\u2019usage sur tous les \u00e9l\u00e9ments accessibles sur le site, notamment les textes, images, graphismes, catalogue de formation, logo, ic\u00f4nes, sons, logiciels.<\/p>\r\n<p>Toute reproduction, repr\u00e9sentation, modification, publication, adaptation de tout ou partie des \u00e9l\u00e9ments du site, quel que soit le moyen ou le proc\u00e9d\u00e9 utilis\u00e9, est interdite, sauf autorisation \u00e9crite pr\u00e9alable de : Cabinet Magnitude.<\/p>\r\n<p>Toute exploitation non autoris\u00e9e du site ou de l\u2019un quelconque des \u00e9l\u00e9ments qu\u2019il contient sera consid\u00e9r\u00e9e comme constitutive d\u2019une contrefa\u00e7on et poursuivie conform\u00e9ment aux dispositions des articles L.335-2 et suivants du Code de Propri\u00e9t\u00e9 Intellectuelle.<\/p>\r\n<p>&nbsp;<\/p>\r\n<h2>Limitations de responsabilit\u00e9<\/h2>\r\n<p>Le Cabinet Magnitude ne pourra \u00eatre tenu responsable des dommages directs et indirects caus\u00e9s au mat\u00e9riel de l\u2019utilisateur, lors de l\u2019acc\u00e8s au site https:\/\/cabinetmagnitude.fr, et r\u00e9sultant soit de l\u2019utilisation d\u2019un mat\u00e9riel ne r\u00e9pondant pas aux sp\u00e9cifications indiqu\u00e9es au point 4, soit de l\u2019apparition d\u2019un bug ou d\u2019une incompatibilit\u00e9.<\/p>\r\n<p>Le Cabinet Magnitude ne pourra \u00e9galement \u00eatre tenu responsable des dommages indirects (tels par exemple qu\u2019une perte de march\u00e9 ou perte d\u2019une chance) cons\u00e9cutifs \u00e0 l\u2019utilisation du site https:\/\/cabinetmagnitude.fr.<\/p>\r\n<p>Des espaces interactifs (possibilit\u00e9 de poser des questions dans l\u2019espace contact) sont \u00e0 la disposition des utilisateurs. Le Cabinet Magnitude se r\u00e9serve le droit de supprimer, sans mise en demeure pr\u00e9alable, tout contenu d\u00e9pos\u00e9 dans cet espace qui contreviendrait \u00e0 la l\u00e9gislation applicable en France, en particulier aux dispositions relatives \u00e0 la protection des donn\u00e9es. Le cas \u00e9ch\u00e9ant, le Cabinet Magnitude se r\u00e9serve \u00e9galement la possibilit\u00e9 de mettre en cause la responsabilit\u00e9 civile et\/ou p\u00e9nale de l\u2019utilisateur, notamment en cas de message \u00e0 caract\u00e8re raciste, injurieux, diffamant, ou pornographique, quel que soit le support utilis\u00e9 (texte, photographie\u2026).<\/p>\r\n<p>Les visuels tels que images, photos, copies d\u2019\u00e9crans, logo, catalogue et l\u2019ensemble des textes du site https:\/\/cabinetmagnitude.fr n\u2019entrent pas dans le champ contractuel. Toute erreur et\/ou manquement ne saurait engager la responsabilit\u00e9 du Vendeur.<\/p>\r\n<p>&nbsp;<\/p>\r\n<h2>Liens hypertextes<\/h2>\r\n<p>Le site <a href=\"https:\/\/cabinetmagnitude.fr\">https:\/\/cabinetmagnitude.fr<\/a> contient un certain nombre de liens hypertextes vers d\u2019autres sites, mis en place avec l\u2019autorisation de Cabinet Magnitude. Cependant, le Cabinet Magnitude n\u2019a pas la possibilit\u00e9 de v\u00e9rifier le contenu des sites ainsi visit\u00e9s, et n\u2019assumera en cons\u00e9quence aucune responsabilit\u00e9 de ce fait.<\/p>\r\n<p>&nbsp;<\/p>\r\n<h2>Gestion des donn\u00e9es personnelles, cookies<\/h2>\r\n<p>Vous trouverez toutes les informations concernant les cookies dans notre document \u00ab Politique Donn\u00e9es personnelles \/ Confidentialit\u00e9 \/ Cookies \u00bb disponible sur <a href=\"https:\/\/cabinetmagnitude.fr\/index.php\/politique-de-gestion-des-donnees\/\">ce site<\/a>.<\/p>\r\n<p>&nbsp;<\/p>\r\n<h2>Conditions g\u00e9n\u00e9rales de vente<\/h2>\r\n<p>Vous trouverez toutes les informations concernant nos conditions g\u00e9n\u00e9rales de vente dans notre document \u00ab Conditions g\u00e9n\u00e9rales de vente de Services \u00bb <span style=\"color: #99cc00;\">disponible sur ce site<\/span>.<\/p>\r\n<p>&nbsp;<\/p>\r\n<h2>Droit applicable et attribution de juridiction<\/h2>\r\n<p>Tout litige en relation avec l\u2019utilisation du site https:\/\/cabinetmagnitude.fr est soumis au droit fran\u00e7ais. Il est fait attribution exclusive de juridiction aux tribunaux comp\u00e9tents de Rennes.<\/p>\r\n<h3>Les principales lois concern\u00e9es<\/h3>\r\n<p>Loi n\u00b0 78-17 du 6 janvier 1978, notamment modifi\u00e9e par la loi n\u00b0 2004-801 du 6 ao\u00fbt 2004 relative \u00e0 l\u2019informatique, aux fichiers et aux libert\u00e9s.<\/p>\r\n<p>Loi n\u00b0 2004-575 du 21 juin 2004 pour la confiance dans l\u2019\u00e9conomie num\u00e9rique.<\/p>\r\n<p>R\u00e8glement G\u00e9n\u00e9ral sur la Protection des Donn\u00e9es 2016\/679 du Parlement europ\u00e9en et du Conseil du 27 avril 2016, entr\u00e9 en vigueur le 25 mai 2018<\/p>\r\n<p>Nouvelle loi Informatique et Libert\u00e9s publi\u00e9e au Journal Officiel le 21 juin 2018<\/p>\r\n","protected":false},"excerpt":{"rendered":"<p>Pr\u00e9sentation du site En vertu de l\u2019article 6 de la loi n\u00b0 2004-575 du 21 juin 2004 pour la confiance dans l\u2019\u00e9conomie num\u00e9rique, il est pr\u00e9cis\u00e9 aux utilisateurs du site https:\/\/cabinetmagnitude.fr l\u2019identit\u00e9 des diff\u00e9rents intervenants dans le cadre de sa r\u00e9alisation et de son suivi : Propri\u00e9taire : Cabinet Magnitude \u2013 Magali Kruiper Blanchais \u2013 [&hellip;]<\/p>\n","protected":false},"author":1,"featured_media":0,"parent":0,"menu_order":8,"comment_status":"closed","ping_status":"closed","template":"","meta":{"footnotes":""},"class_list":["post-2560","page","type-page","status-publish","hentry"],"yoast_head":"<!-- This site is optimized with the Yoast SEO plugin v27.5 - https:\/\/yoast.com\/product\/yoast-seo-wordpress\/ -->\n<title>Mentions l\u00e9gales et conditions g\u00e9n\u00e9rales d\u2019utilisation - Cabinet Magnitude<\/title>\n<meta name=\"robots\" content=\"index, follow, max-snippet:-1, max-image-preview:large, max-video-preview:-1\" \/>\n<link rel=\"canonical\" href=\"https:\/\/cabinetmagnitude.fr\/index.php\/mentions-legales\/\" \/>\n<meta property=\"og:locale\" content=\"fr_FR\" \/>\n<meta property=\"og:type\" content=\"article\" \/>\n<meta property=\"og:title\" content=\"Mentions l\u00e9gales et conditions g\u00e9n\u00e9rales d\u2019utilisation - Cabinet Magnitude\" \/>\n<meta property=\"og:description\" content=\"Pr\u00e9sentation du site En vertu de l\u2019article 6 de la loi n\u00b0 2004-575 du 21 juin 2004 pour la confiance dans l\u2019\u00e9conomie num\u00e9rique, il est pr\u00e9cis\u00e9 aux utilisateurs du site https:\/\/cabinetmagnitude.fr l\u2019identit\u00e9 des diff\u00e9rents intervenants dans le cadre de sa r\u00e9alisation et de son suivi : Propri\u00e9taire : Cabinet Magnitude \u2013 Magali Kruiper Blanchais \u2013 [&hellip;]\" \/>\n<meta property=\"og:url\" content=\"https:\/\/cabinetmagnitude.fr\/index.php\/mentions-legales\/\" \/>\n<meta property=\"og:site_name\" content=\"Cabinet Magnitude\" \/>\n<meta property=\"article:modified_time\" content=\"2019-05-08T20:46:44+00:00\" \/>\n<meta name=\"twitter:card\" content=\"summary_large_image\" \/>\n<meta name=\"twitter:label1\" content=\"Dur\u00e9e de lecture estim\u00e9e\" \/>\n\t<meta name=\"twitter:data1\" content=\"6 minutes\" \/>\n<script type=\"application\/ld+json\" class=\"yoast-schema-graph\">{\"@context\":\"https:\\\/\\\/schema.org\",\"@graph\":[{\"@type\":\"WebPage\",\"@id\":\"https:\\\/\\\/cabinetmagnitude.fr\\\/index.php\\\/mentions-legales\\\/\",\"url\":\"https:\\\/\\\/cabinetmagnitude.fr\\\/index.php\\\/mentions-legales\\\/\",\"name\":\"Mentions l\u00e9gales et conditions g\u00e9n\u00e9rales d\u2019utilisation - Cabinet Magnitude\",\"isPartOf\":{\"@id\":\"https:\\\/\\\/cabinetmagnitude.fr\\\/#website\"},\"datePublished\":\"2019-05-03T22:49:05+00:00\",\"dateModified\":\"2019-05-08T20:46:44+00:00\",\"breadcrumb\":{\"@id\":\"https:\\\/\\\/cabinetmagnitude.fr\\\/index.php\\\/mentions-legales\\\/#breadcrumb\"},\"inLanguage\":\"fr-FR\",\"potentialAction\":[{\"@type\":\"ReadAction\",\"target\":[\"https:\\\/\\\/cabinetmagnitude.fr\\\/index.php\\\/mentions-legales\\\/\"]}]},{\"@type\":\"BreadcrumbList\",\"@id\":\"https:\\\/\\\/cabinetmagnitude.fr\\\/index.php\\\/mentions-legales\\\/#breadcrumb\",\"itemListElement\":[{\"@type\":\"ListItem\",\"position\":1,\"name\":\"Accueil\",\"item\":\"https:\\\/\\\/cabinetmagnitude.fr\\\/index.php\\\/home\\\/\"},{\"@type\":\"ListItem\",\"position\":2,\"name\":\"Mentions l\u00e9gales et conditions g\u00e9n\u00e9rales d\u2019utilisation\"}]},{\"@type\":\"WebSite\",\"@id\":\"https:\\\/\\\/cabinetmagnitude.fr\\\/#website\",\"url\":\"https:\\\/\\\/cabinetmagnitude.fr\\\/\",\"name\":\"Cabinet Magnitude\",\"description\":\"Cabinet de Coaching - Rennes\",\"publisher\":{\"@id\":\"https:\\\/\\\/cabinetmagnitude.fr\\\/#organization\"},\"potentialAction\":[{\"@type\":\"SearchAction\",\"target\":{\"@type\":\"EntryPoint\",\"urlTemplate\":\"https:\\\/\\\/cabinetmagnitude.fr\\\/?s={search_term_string}\"},\"query-input\":{\"@type\":\"PropertyValueSpecification\",\"valueRequired\":true,\"valueName\":\"search_term_string\"}}],\"inLanguage\":\"fr-FR\"},{\"@type\":\"Organization\",\"@id\":\"https:\\\/\\\/cabinetmagnitude.fr\\\/#organization\",\"name\":\"Cabinet Magnitude\",\"url\":\"https:\\\/\\\/cabinetmagnitude.fr\\\/\",\"logo\":{\"@type\":\"ImageObject\",\"inLanguage\":\"fr-FR\",\"@id\":\"https:\\\/\\\/cabinetmagnitude.fr\\\/#\\\/schema\\\/logo\\\/image\\\/\",\"url\":\"https:\\\/\\\/cabinetmagnitude.fr\\\/wp-content\\\/uploads\\\/2018\\\/08\\\/MAGNITUDE-LOGO-CMJN-3.jpg\",\"contentUrl\":\"https:\\\/\\\/cabinetmagnitude.fr\\\/wp-content\\\/uploads\\\/2018\\\/08\\\/MAGNITUDE-LOGO-CMJN-3.jpg\",\"width\":1500,\"height\":509,\"caption\":\"Cabinet Magnitude\"},\"image\":{\"@id\":\"https:\\\/\\\/cabinetmagnitude.fr\\\/#\\\/schema\\\/logo\\\/image\\\/\"}}]}<\/script>\n<!-- \/ Yoast SEO plugin. -->","yoast_head_json":{"title":"Mentions l\u00e9gales et conditions g\u00e9n\u00e9rales d\u2019utilisation - Cabinet Magnitude","robots":{"index":"index","follow":"follow","max-snippet":"max-snippet:-1","max-image-preview":"max-image-preview:large","max-video-preview":"max-video-preview:-1"},"canonical":"https:\/\/cabinetmagnitude.fr\/index.php\/mentions-legales\/","og_locale":"fr_FR","og_type":"article","og_title":"Mentions l\u00e9gales et conditions g\u00e9n\u00e9rales d\u2019utilisation - Cabinet Magnitude","og_description":"Pr\u00e9sentation du site En vertu de l\u2019article 6 de la loi n\u00b0 2004-575 du 21 juin 2004 pour la confiance dans l\u2019\u00e9conomie num\u00e9rique, il est pr\u00e9cis\u00e9 aux utilisateurs du site https:\/\/cabinetmagnitude.fr l\u2019identit\u00e9 des diff\u00e9rents intervenants dans le cadre de sa r\u00e9alisation et de son suivi : Propri\u00e9taire : Cabinet Magnitude \u2013 Magali Kruiper Blanchais \u2013 [&hellip;]","og_url":"https:\/\/cabinetmagnitude.fr\/index.php\/mentions-legales\/","og_site_name":"Cabinet Magnitude","article_modified_time":"2019-05-08T20:46:44+00:00","twitter_card":"summary_large_image","twitter_misc":{"Dur\u00e9e de lecture estim\u00e9e":"6 minutes"},"schema":{"@context":"https:\/\/schema.org","@graph":[{"@type":"WebPage","@id":"https:\/\/cabinetmagnitude.fr\/index.php\/mentions-legales\/","url":"https:\/\/cabinetmagnitude.fr\/index.php\/mentions-legales\/","name":"Mentions l\u00e9gales et conditions g\u00e9n\u00e9rales d\u2019utilisation - Cabinet Magnitude","isPartOf":{"@id":"https:\/\/cabinetmagnitude.fr\/#website"},"datePublished":"2019-05-03T22:49:05+00:00","dateModified":"2019-05-08T20:46:44+00:00","breadcrumb":{"@id":"https:\/\/cabinetmagnitude.fr\/index.php\/mentions-legales\/#breadcrumb"},"inLanguage":"fr-FR","potentialAction":[{"@type":"ReadAction","target":["https:\/\/cabinetmagnitude.fr\/index.php\/mentions-legales\/"]}]},{"@type":"BreadcrumbList","@id":"https:\/\/cabinetmagnitude.fr\/index.php\/mentions-legales\/#breadcrumb","itemListElement":[{"@type":"ListItem","position":1,"name":"Accueil","item":"https:\/\/cabinetmagnitude.fr\/index.php\/home\/"},{"@type":"ListItem","position":2,"name":"Mentions l\u00e9gales et conditions g\u00e9n\u00e9rales d\u2019utilisation"}]},{"@type":"WebSite","@id":"https:\/\/cabinetmagnitude.fr\/#website","url":"https:\/\/cabinetmagnitude.fr\/","name":"Cabinet Magnitude","description":"Cabinet de Coaching - Rennes","publisher":{"@id":"https:\/\/cabinetmagnitude.fr\/#organization"},"potentialAction":[{"@type":"SearchAction","target":{"@type":"EntryPoint","urlTemplate":"https:\/\/cabinetmagnitude.fr\/?s={search_term_string}"},"query-input":{"@type":"PropertyValueSpecification","valueRequired":true,"valueName":"search_term_string"}}],"inLanguage":"fr-FR"},{"@type":"Organization","@id":"https:\/\/cabinetmagnitude.fr\/#organization","name":"Cabinet Magnitude","url":"https:\/\/cabinetmagnitude.fr\/","logo":{"@type":"ImageObject","inLanguage":"fr-FR","@id":"https:\/\/cabinetmagnitude.fr\/#\/schema\/logo\/image\/","url":"https:\/\/cabinetmagnitude.fr\/wp-content\/uploads\/2018\/08\/MAGNITUDE-LOGO-CMJN-3.jpg","contentUrl":"https:\/\/cabinetmagnitude.fr\/wp-content\/uploads\/2018\/08\/MAGNITUDE-LOGO-CMJN-3.jpg","width":1500,"height":509,"caption":"Cabinet Magnitude"},"image":{"@id":"https:\/\/cabinetmagnitude.fr\/#\/schema\/logo\/image\/"}}]}},"_links":{"self":[{"href":"https:\/\/cabinetmagnitude.fr\/index.php\/wp-json\/wp\/v2\/pages\/2560","targetHints":{"allow":["GET"]}}],"collection":[{"href":"https:\/\/cabinetmagnitude.fr\/index.php\/wp-json\/wp\/v2\/pages"}],"about":[{"href":"https:\/\/cabinetmagnitude.fr\/index.php\/wp-json\/wp\/v2\/types\/page"}],"author":[{"embeddable":true,"href":"https:\/\/cabinetmagnitude.fr\/index.php\/wp-json\/wp\/v2\/users\/1"}],"replies":[{"embeddable":true,"href":"https:\/\/cabinetmagnitude.fr\/index.php\/wp-json\/wp\/v2\/comments?post=2560"}],"version-history":[{"count":0,"href":"https:\/\/cabinetmagnitude.fr\/index.php\/wp-json\/wp\/v2\/pages\/2560\/revisions"}],"wp:attachment":[{"href":"https:\/\/cabinetmagnitude.fr\/index.php\/wp-json\/wp\/v2\/media?parent=2560"}],"curies":[{"name":"wp","href":"https:\/\/api.w.org\/{rel}","templated":true}]}}